{"id":756,"date":"2020-06-24T02:13:34","date_gmt":"2020-06-23T23:13:34","guid":{"rendered":"http:\/\/ismodynamics.com\/tur\/?page_id=756"},"modified":"2020-06-29T00:50:36","modified_gmt":"2020-06-28T21:50:36","slug":"klasik-markalama-numaratorleri","status":"publish","type":"page","link":"https:\/\/ismodynamics.com\/tur\/tr\/klasik-markalama-numaratorleri\/","title":{"rendered":"Klasik Markalama Numarat\u00f6rleri"},"content":{"rendered":"<div class=\"fusion-fullwidth fullwidth-box fusion-builder-row-1 nonhundred-percent-fullwidth non-hundred-percent-height-scrolling\" style=\"--awb-border-radius-top-left:0px;--awb-border-radius-top-right:0px;--awb-border-radius-bottom-right:0px;--awb-border-radius-bottom-left:0px;--awb-flex-wrap:wrap;\" ><div class=\"fusion-builder-row fusion-row\"><div class=\"fusion-layout-column fusion_builder_column fusion-builder-column-0 fusion_builder_column_2_3 2_3 fusion-two-third fusion-column-first\" style=\"--awb-bg-size:cover;width:66.666666666667%;width:calc(66.666666666667% - ( ( 4% ) * 0.66666666666667 ) );margin-right: 4%;\"><div class=\"fusion-column-wrapper fusion-column-has-shadow fusion-flex-column-wrapper-legacy\"><div class=\"fusion-title title fusion-title-1 fusion-title-text fusion-title-size-two\" style=\"--awb-margin-bottom:30px;--awb-margin-top-small:0px;--awb-margin-right-small:0px;--awb-margin-bottom-small:20px;--awb-margin-left-small:0px;\"><h2 class=\"fusion-title-heading title-heading-left\" style=\"margin:0;\">Klasik Markalama Sistemleri<\/h2><span class=\"awb-title-spacer\"><\/span><div class=\"title-sep-container\"><div class=\"title-sep sep- sep-solid\" style=\"border-color:#3e3e3e;\"><\/div><\/div><\/div><div class=\"fusion-text fusion-text-1\"><p>Yo\u011funluklu olarak Otomotiv ve Demir \u00c7elik Sekt\u00f6r\u00fcne y\u00f6nelik imal etti\u011fimiz metal kli\u015fe ve numarat\u00f6r sistemlerimiz ile \u00e7o\u011funlukla sabit i\u00e7erikler veya parti kodu gibi belli miktarlarda de\u011fi\u015fen i\u00e7erikler markalanmaktad\u0131r. Farkl\u0131 yaz\u0131 tipi ve \u00f6l\u00e7\u00fclerinde tek veya \u00e7ok sat\u0131rl\u0131 sistemlerimiz yal\u0131n haliyle ya da farkl\u0131 pres opsiyonlar\u0131 ile se\u00e7iminize sunuluyor.<\/p>\n<p>M\u00fc\u015ferilerimizin ihtiya\u00e7lar\u0131 do\u011frultusunda ; talep edilen \u00f6l\u00e7\u00fclerde ; karakter , i\u00e7erik ve adetlerde \u00f6zel \u00fcretim yap\u0131lmaktad\u0131r.<\/p>\n<p>-\u00c7akma Numarat\u00f6rler<br \/>\n-Dizme Kli\u015fe Numarat\u00f6rler<br \/>\n-Sabit Logo Numarat\u00f6rler<br \/>\n-Manuel Disk Numarat\u00f6rler<br \/>\n-Otomatik Numarat\u00f6rler<\/p>\n<\/div><div class=\"fusion-clearfix\"><\/div><\/div><\/div><div class=\"fusion-layout-column fusion_builder_column fusion-builder-column-1 fusion_builder_column_1_3 1_3 fusion-one-third fusion-column-last\" style=\"--awb-bg-size:cover;width:33.333333333333%;width:calc(33.333333333333% - ( ( 4% ) * 0.33333333333333 ) );\"><div class=\"fusion-column-wrapper fusion-column-has-shadow fusion-flex-column-wrapper-legacy\"><div class=\"fusion-slider-sc fusion-flexslider-loading flexslider flexslider-hover-type-none\" data-slideshow_autoplay=\"1\" data-slideshow_smooth_height=\"0\" data-slideshow_speed=\"3000\" style=\"max-width:100%;height:100%;\"><ul class=\"slides\"><li class=\"image\"><span class=\"fusion-image-hover-element hover-type-none\"><img decoding=\"async\" src=\"https:\/\/ismodynamics.com\/tur\/wp-content\/uploads\/2020\/06\/klasik-markalama-sistemi-gorseli-1.jpeg\" width=\"430\" height=\"570\" class=\"wp-image-865\" srcset=\"https:\/\/ismodynamics.com\/tur\/wp-content\/uploads\/2020\/06\/klasik-markalama-sistemi-gorseli-1-200x265.jpeg 200w, https:\/\/ismodynamics.com\/tur\/wp-content\/uploads\/2020\/06\/klasik-markalama-sistemi-gorseli-1-400x530.jpeg 400w, https:\/\/ismodynamics.com\/tur\/wp-content\/uploads\/2020\/06\/klasik-markalama-sistemi-gorseli-1.jpeg 430w\" sizes=\"(max-width: 800px) 100vw, 400px\" \/><\/span><\/li><li class=\"image\"><span class=\"fusion-image-hover-element hover-type-none\"><img decoding=\"async\" src=\"https:\/\/ismodynamics.com\/tur\/wp-content\/uploads\/2020\/06\/klasik-markalama-sistemi-gorseli-2.jpeg\" width=\"430\" height=\"570\" class=\"wp-image-866\" srcset=\"https:\/\/ismodynamics.com\/tur\/wp-content\/uploads\/2020\/06\/klasik-markalama-sistemi-gorseli-2-200x265.jpeg 200w, https:\/\/ismodynamics.com\/tur\/wp-content\/uploads\/2020\/06\/klasik-markalama-sistemi-gorseli-2-400x530.jpeg 400w, https:\/\/ismodynamics.com\/tur\/wp-content\/uploads\/2020\/06\/klasik-markalama-sistemi-gorseli-2.jpeg 430w\" sizes=\"(max-width: 800px) 100vw, 400px\" \/><\/span><\/li><li class=\"image\"><span class=\"fusion-image-hover-element hover-type-none\"><img decoding=\"async\" src=\"https:\/\/ismodynamics.com\/tur\/wp-content\/uploads\/2020\/06\/klasik-markalama-sistemi-gorseli-3.jpeg\" width=\"430\" height=\"570\" class=\"wp-image-867\" srcset=\"https:\/\/ismodynamics.com\/tur\/wp-content\/uploads\/2020\/06\/klasik-markalama-sistemi-gorseli-3-200x265.jpeg 200w, https:\/\/ismodynamics.com\/tur\/wp-content\/uploads\/2020\/06\/klasik-markalama-sistemi-gorseli-3-400x530.jpeg 400w, https:\/\/ismodynamics.com\/tur\/wp-content\/uploads\/2020\/06\/klasik-markalama-sistemi-gorseli-3.jpeg 430w\" sizes=\"(max-width: 800px) 100vw, 400px\" \/><\/span><\/li><\/ul><\/div><div class=\"fusion-clearfix\"><\/div><\/div><\/div><\/div><\/div>\n","protected":false},"excerpt":{"rendered":"","protected":false},"author":1,"featured_media":0,"parent":0,"menu_order":0,"comment_status":"closed","ping_status":"closed","template":"","meta":{"footnotes":""},"class_list":["post-756","page","type-page","status-publish","hentry"],"_links":{"self":[{"href":"https:\/\/ismodynamics.com\/tur\/wp-json\/wp\/v2\/pages\/756","targetHints":{"allow":["GET"]}}],"collection":[{"href":"https:\/\/ismodynamics.com\/tur\/wp-json\/wp\/v2\/pages"}],"about":[{"href":"https:\/\/ismodynamics.com\/tur\/wp-json\/wp\/v2\/types\/page"}],"author":[{"embeddable":true,"href":"https:\/\/ismodynamics.com\/tur\/wp-json\/wp\/v2\/users\/1"}],"replies":[{"embeddable":true,"href":"https:\/\/ismodynamics.com\/tur\/wp-json\/wp\/v2\/comments?post=756"}],"version-history":[{"count":4,"href":"https:\/\/ismodynamics.com\/tur\/wp-json\/wp\/v2\/pages\/756\/revisions"}],"predecessor-version":[{"id":933,"href":"https:\/\/ismodynamics.com\/tur\/wp-json\/wp\/v2\/pages\/756\/revisions\/933"}],"wp:attachment":[{"href":"https:\/\/ismodynamics.com\/tur\/wp-json\/wp\/v2\/media?parent=756"}],"curies":[{"name":"wp","href":"https:\/\/api.w.org\/{rel}","templated":true}]}}