{"id":754,"date":"2020-06-24T02:13:08","date_gmt":"2020-06-23T23:13:08","guid":{"rendered":"http:\/\/ismodynamics.com\/tur\/?page_id=754"},"modified":"2020-06-29T00:49:29","modified_gmt":"2020-06-28T21:49:29","slug":"masaustu-nokta-vuruslu-markalama-makineleri","status":"publish","type":"page","link":"https:\/\/ismodynamics.com\/tur\/tr\/masaustu-nokta-vuruslu-markalama-makineleri\/","title":{"rendered":"Masa\u00fcst\u00fc Nokta Vuru\u015flu Markalama Makineleri"},"content":{"rendered":"<div class=\"fusion-fullwidth fullwidth-box fusion-builder-row-1 nonhundred-percent-fullwidth non-hundred-percent-height-scrolling\" style=\"--awb-border-radius-top-left:0px;--awb-border-radius-top-right:0px;--awb-border-radius-bottom-right:0px;--awb-border-radius-bottom-left:0px;--awb-flex-wrap:wrap;\" ><div class=\"fusion-builder-row fusion-row\"><div class=\"fusion-layout-column fusion_builder_column fusion-builder-column-0 fusion_builder_column_2_3 2_3 fusion-two-third fusion-column-first\" style=\"--awb-bg-size:cover;width:66.666666666667%;width:calc(66.666666666667% - ( ( 4% ) * 0.66666666666667 ) );margin-right: 4%;\"><div class=\"fusion-column-wrapper fusion-column-has-shadow fusion-flex-column-wrapper-legacy\"><div class=\"fusion-title title fusion-title-1 fusion-title-text fusion-title-size-two\" style=\"--awb-margin-bottom:30px;--awb-margin-top-small:0px;--awb-margin-right-small:0px;--awb-margin-bottom-small:20px;--awb-margin-left-small:0px;\"><h2 class=\"fusion-title-heading title-heading-left\" style=\"margin:0;\">Masa\u00fcst\u00fc Nokta Vuru\u015flu Markalama Makineleri<\/h2><span class=\"awb-title-spacer\"><\/span><div class=\"title-sep-container\"><div class=\"title-sep sep- sep-solid\" style=\"border-color:#3e3e3e;\"><\/div><\/div><\/div><div class=\"fusion-text fusion-text-1\"><p>Do\u011frudan \u00fcr\u00fcn markalama veya etiket markalama ihtiyac\u0131na y\u00f6nelik \u00a0tercih edilen Masa\u00fcst\u00fc Nokta Vuru\u015flu Markalama Sistemi ; daha \u00e7ok \u00e7elik ve benzeri sert par\u00e7alar \u00fczerine kal\u0131c\u0131 ve de\u011fi\u015fken i\u00e7erik markalamak \u00fczere dizayn edilmi\u015f sistemlerdir. Ucu konik bilenmi\u015f sivri elmas bir u\u00e7 ard\u0131\u015f\u0131k ve seri nokta vuru\u015f darbeleri ile par\u00e7a \u00fczerinde alfa numerik karakterleri veya vekt\u00f6rel \u015fekilleri ezerek i\u015fler.<\/p>\n<p>Markalama derinli\u011fi; estetik beklenti ve boya sonras\u0131 operasyonlara g\u00f6re de\u011ferlendirilmektedir. \u015eayet markalama operasyonu sonras\u0131 kal\u0131n boyama i\u015flemi ger\u00e7ekle\u015fecek ise markalama i\u015flemi m\u00fcmk\u00fcn oldu\u011funca derin ger\u00e7ekle\u015ftirilir. Mevcut ko\u015fullarda pin markalama sistemlerimiz orta ala\u015f\u0131ml\u0131 \u00e7elik malzemelere en derin 1mm markalama sa\u011flanabilmektedir. \u015eayet markalama y\u00fczeysel isteniyor ise 0.1mm derinlikte ve 0.5mm y\u00fcksekli\u011finde \u00e7\u0131plak g\u00f6zle okunabilecek karakterler markalanabilmektedir.<\/p>\n<p>170mmx135mm markalama alan\u0131 ile T150 modelimiz ; farkl\u0131 pin se\u00e7enekelri ; diviz\u00f6r\u00a0 ve \u00fcr\u00fcn\/ etiket sabitleme aparat\u0131 opsiyonlar\u0131 ile m\u00fc\u015fterilerimizin tercihine sunulmu\u015ftur.<\/p>\n<p>Teknik detaylar i\u00e7in \u00a0PDF katalo\u011fumuzu inceleyebilirsiniz.<\/p>\n<\/div><div class=\"fusion-button-wrapper\"><a class=\"fusion-button button-3d fusion-button-default-size button-default fusion-button-default button-1 fusion-button-default-span fusion-button-default-type\" target=\"_self\" href=\"https:\/\/ismodynamics.com\/IsmoMarking-Masa\u00fcst\u00fc-Nokta-Vuruslu-Markalama-Sistemi-T150 _katalog.pdf\"><i class=\"fa-file-pdf fas awb-button__icon awb-button__icon--default button-icon-left\" aria-hidden=\"true\"><\/i><span class=\"fusion-button-text awb-button__text awb-button__text--default\">PDF Katalog<\/span><\/a><\/div><div class=\"fusion-clearfix\"><\/div><\/div><\/div><div class=\"fusion-layout-column fusion_builder_column fusion-builder-column-1 fusion_builder_column_1_3 1_3 fusion-one-third fusion-column-last\" style=\"--awb-bg-size:cover;width:33.333333333333%;width:calc(33.333333333333% - ( ( 4% ) * 0.33333333333333 ) );\"><div class=\"fusion-column-wrapper fusion-column-has-shadow fusion-flex-column-wrapper-legacy\"><div class=\"fusion-slider-sc fusion-flexslider-loading flexslider flexslider-hover-type-none\" data-slideshow_autoplay=\"1\" data-slideshow_smooth_height=\"0\" data-slideshow_speed=\"3000\" style=\"max-width:100%;height:100%;\"><ul class=\"slides\"><li class=\"image\"><span class=\"fusion-image-hover-element hover-type-none\"><img decoding=\"async\" src=\"https:\/\/ismodynamics.com\/tur\/wp-content\/uploads\/2020\/06\/masaustu-nokta-vuruslu-markalama-sistemi-gorseli-2.jpeg\" width=\"430\" height=\"570\" class=\"wp-image-862\" srcset=\"https:\/\/ismodynamics.com\/tur\/wp-content\/uploads\/2020\/06\/masaustu-nokta-vuruslu-markalama-sistemi-gorseli-2-200x265.jpeg 200w, https:\/\/ismodynamics.com\/tur\/wp-content\/uploads\/2020\/06\/masaustu-nokta-vuruslu-markalama-sistemi-gorseli-2-400x530.jpeg 400w, https:\/\/ismodynamics.com\/tur\/wp-content\/uploads\/2020\/06\/masaustu-nokta-vuruslu-markalama-sistemi-gorseli-2.jpeg 430w\" sizes=\"(max-width: 800px) 100vw, 400px\" \/><\/span><\/li><li class=\"image\"><span class=\"fusion-image-hover-element hover-type-none\"><img decoding=\"async\" src=\"https:\/\/ismodynamics.com\/tur\/wp-content\/uploads\/2020\/06\/masaustu-nokta-vuruslu-markalama-sistemi-gorseli-3.jpeg\" width=\"430\" height=\"570\" class=\"wp-image-863\" srcset=\"https:\/\/ismodynamics.com\/tur\/wp-content\/uploads\/2020\/06\/masaustu-nokta-vuruslu-markalama-sistemi-gorseli-3-200x265.jpeg 200w, https:\/\/ismodynamics.com\/tur\/wp-content\/uploads\/2020\/06\/masaustu-nokta-vuruslu-markalama-sistemi-gorseli-3-400x530.jpeg 400w, https:\/\/ismodynamics.com\/tur\/wp-content\/uploads\/2020\/06\/masaustu-nokta-vuruslu-markalama-sistemi-gorseli-3.jpeg 430w\" sizes=\"(max-width: 800px) 100vw, 400px\" \/><\/span><\/li><\/ul><\/div><div class=\"fusion-clearfix\"><\/div><\/div><\/div><\/div><\/div>\n","protected":false},"excerpt":{"rendered":"","protected":false},"author":1,"featured_media":0,"parent":0,"menu_order":0,"comment_status":"closed","ping_status":"closed","template":"","meta":{"footnotes":""},"class_list":["post-754","page","type-page","status-publish","hentry"],"_links":{"self":[{"href":"https:\/\/ismodynamics.com\/tur\/wp-json\/wp\/v2\/pages\/754","targetHints":{"allow":["GET"]}}],"collection":[{"href":"https:\/\/ismodynamics.com\/tur\/wp-json\/wp\/v2\/pages"}],"about":[{"href":"https:\/\/ismodynamics.com\/tur\/wp-json\/wp\/v2\/types\/page"}],"author":[{"embeddable":true,"href":"https:\/\/ismodynamics.com\/tur\/wp-json\/wp\/v2\/users\/1"}],"replies":[{"embeddable":true,"href":"https:\/\/ismodynamics.com\/tur\/wp-json\/wp\/v2\/comments?post=754"}],"version-history":[{"count":6,"href":"https:\/\/ismodynamics.com\/tur\/wp-json\/wp\/v2\/pages\/754\/revisions"}],"predecessor-version":[{"id":932,"href":"https:\/\/ismodynamics.com\/tur\/wp-json\/wp\/v2\/pages\/754\/revisions\/932"}],"wp:attachment":[{"href":"https:\/\/ismodynamics.com\/tur\/wp-json\/wp\/v2\/media?parent=754"}],"curies":[{"name":"wp","href":"https:\/\/api.w.org\/{rel}","templated":true}]}}