{"id":750,"date":"2020-06-24T02:11:35","date_gmt":"2020-06-23T23:11:35","guid":{"rendered":"http:\/\/ismodynamics.com\/tur\/?page_id=750"},"modified":"2020-06-29T00:46:45","modified_gmt":"2020-06-28T21:46:45","slug":"lazer-markalama-makineleri","status":"publish","type":"page","link":"https:\/\/ismodynamics.com\/tur\/tr\/lazer-markalama-makineleri\/","title":{"rendered":"Lazer Markalama Makineleri"},"content":{"rendered":"<div class=\"fusion-fullwidth fullwidth-box fusion-builder-row-1 nonhundred-percent-fullwidth non-hundred-percent-height-scrolling\" style=\"--awb-border-radius-top-left:0px;--awb-border-radius-top-right:0px;--awb-border-radius-bottom-right:0px;--awb-border-radius-bottom-left:0px;--awb-flex-wrap:wrap;\" ><div class=\"fusion-builder-row fusion-row\"><div class=\"fusion-layout-column fusion_builder_column fusion-builder-column-0 fusion_builder_column_2_3 2_3 fusion-two-third fusion-column-first\" style=\"--awb-bg-size:cover;width:66.666666666667%;width:calc(66.666666666667% - ( ( 4% ) * 0.66666666666667 ) );margin-right: 4%;\"><div class=\"fusion-column-wrapper fusion-column-has-shadow fusion-flex-column-wrapper-legacy\"><div class=\"fusion-title title fusion-title-1 fusion-title-text fusion-title-size-two\" style=\"--awb-margin-bottom:30px;--awb-margin-top-small:0px;--awb-margin-right-small:0px;--awb-margin-bottom-small:20px;--awb-margin-left-small:0px;\"><h2 class=\"fusion-title-heading title-heading-left\" style=\"margin:0;\">Lazer Markalama Makineleri<\/h2><span class=\"awb-title-spacer\"><\/span><div class=\"title-sep-container\"><div class=\"title-sep sep- sep-solid\" style=\"border-color:#3e3e3e;\"><\/div><\/div><\/div><div class=\"fusion-text fusion-text-1\"><p>Lazer markalama sistemlerimiz ile \u00e7elik, paslanmaz, pirin\u00e7, bronz, alt\u0131n, g\u00fcm\u00fc\u015f ve benzeri metallerin \u00e7o\u011fu dahil olmak \u00fczere hemen hemen t\u00fcm plastikler ve kau\u00e7uklar ile a\u011fa\u00e7, cam, seramik, deri, kuma\u015f ve organik hemen t\u00fcm malzemeler \u00fczerine markalama yapabilirsiniz. Lazer markalama sistemlerimiz kullan\u0131lan lazer g\u00fc\u00e7 kayna\u011f\u0131na ba\u011fl\u0131 olarak farkl\u0131l\u0131k g\u00f6stermektedir. Ana \u00fcr\u00fcn portf\u00f6y\u00fcm\u00fczde Fiber lazer, uv lazer ve CO2 lazer markalama sistemlerimiz farkl\u0131 g\u00fc\u00e7 ve kabin se\u00e7enekleri ile se\u00e7iminize sunuluyor. Seri ve y\u00fcksek adetli \u00fcretiminiz var ve estetik markalama sonucunu hedefliyorsan\u0131z lazer markalama sistemlerimiz sizin i\u00e7in \u00e7\u00f6z\u00fcm olabilir. Mobil , Masa\u00fcst\u00fc , Zemin\u00fcst\u00fc Lazer Markalama Sistemlerimizi farkl\u0131 kabin se\u00e7enekleri ve opsiyonlar\u0131 ile de\u011ferlendirebilirsiniz. Teknik detaylar i\u00e7in PDF katalo\u011fumuzu inceleyebilirsiniz.<\/p>\n<\/div><div class=\"fusion-button-wrapper\"><a class=\"fusion-button button-3d fusion-button-default-size button-default fusion-button-default button-1 fusion-button-default-span fusion-button-default-type\" target=\"_self\" href=\"https:\/\/ismodynamics.com\/IsmoMarking-Laser-Markalama-Sistemi-katalog.pdf\"><i class=\"fa-file-pdf fas awb-button__icon awb-button__icon--default button-icon-left\" aria-hidden=\"true\"><\/i><span class=\"fusion-button-text awb-button__text awb-button__text--default\">PDF Katalog<\/span><\/a><\/div><div class=\"fusion-clearfix\"><\/div><\/div><\/div><div class=\"fusion-layout-column fusion_builder_column fusion-builder-column-1 fusion_builder_column_1_3 1_3 fusion-one-third fusion-column-last\" style=\"--awb-bg-size:cover;width:33.333333333333%;width:calc(33.333333333333% - ( ( 4% ) * 0.33333333333333 ) );\"><div class=\"fusion-column-wrapper fusion-column-has-shadow fusion-flex-column-wrapper-legacy\"><div class=\"fusion-slider-sc fusion-flexslider-loading flexslider flexslider-hover-type-none\" data-slideshow_autoplay=\"1\" data-slideshow_smooth_height=\"0\" data-slideshow_speed=\"3000\" style=\"max-width:100%;height:100%;\"><ul class=\"slides\"><li class=\"image\"><span class=\"fusion-image-hover-element hover-type-none\"><img decoding=\"async\" src=\"https:\/\/ismodynamics.com\/tur\/wp-content\/uploads\/2020\/06\/lazer-markalama-sistemleri-galeri-2.png\" width=\"433\" height=\"577\" class=\"wp-image-806\" srcset=\"https:\/\/ismodynamics.com\/tur\/wp-content\/uploads\/2020\/06\/lazer-markalama-sistemleri-galeri-2-200x267.png 200w, https:\/\/ismodynamics.com\/tur\/wp-content\/uploads\/2020\/06\/lazer-markalama-sistemleri-galeri-2-400x533.png 400w, https:\/\/ismodynamics.com\/tur\/wp-content\/uploads\/2020\/06\/lazer-markalama-sistemleri-galeri-2.png 433w\" sizes=\"(max-width: 800px) 100vw, 400px\" \/><\/span><\/li><li class=\"image\"><span class=\"fusion-image-hover-element hover-type-none\"><img decoding=\"async\" src=\"https:\/\/ismodynamics.com\/tur\/wp-content\/uploads\/2020\/06\/lazer-markalama-sistemleri-galeri-3.png\" width=\"433\" height=\"577\" class=\"wp-image-808\" srcset=\"https:\/\/ismodynamics.com\/tur\/wp-content\/uploads\/2020\/06\/lazer-markalama-sistemleri-galeri-3-200x267.png 200w, https:\/\/ismodynamics.com\/tur\/wp-content\/uploads\/2020\/06\/lazer-markalama-sistemleri-galeri-3-400x533.png 400w, https:\/\/ismodynamics.com\/tur\/wp-content\/uploads\/2020\/06\/lazer-markalama-sistemleri-galeri-3.png 433w\" sizes=\"(max-width: 800px) 100vw, 400px\" \/><\/span><\/li><li class=\"image\"><span class=\"fusion-image-hover-element hover-type-none\"><img decoding=\"async\" src=\"https:\/\/ismodynamics.com\/tur\/wp-content\/uploads\/2020\/06\/lazer-markalama-sistemleri-galeri-1.png\" width=\"433\" height=\"577\" class=\"wp-image-804\" srcset=\"https:\/\/ismodynamics.com\/tur\/wp-content\/uploads\/2020\/06\/lazer-markalama-sistemleri-galeri-1-200x267.png 200w, https:\/\/ismodynamics.com\/tur\/wp-content\/uploads\/2020\/06\/lazer-markalama-sistemleri-galeri-1-400x533.png 400w, https:\/\/ismodynamics.com\/tur\/wp-content\/uploads\/2020\/06\/lazer-markalama-sistemleri-galeri-1.png 433w\" sizes=\"(max-width: 800px) 100vw, 400px\" \/><\/span><\/li><\/ul><\/div><div class=\"fusion-clearfix\"><\/div><\/div><\/div><\/div><\/div>\n","protected":false},"excerpt":{"rendered":"","protected":false},"author":1,"featured_media":0,"parent":0,"menu_order":0,"comment_status":"closed","ping_status":"closed","template":"","meta":{"footnotes":""},"class_list":["post-750","page","type-page","status-publish","hentry"],"_links":{"self":[{"href":"https:\/\/ismodynamics.com\/tur\/wp-json\/wp\/v2\/pages\/750","targetHints":{"allow":["GET"]}}],"collection":[{"href":"https:\/\/ismodynamics.com\/tur\/wp-json\/wp\/v2\/pages"}],"about":[{"href":"https:\/\/ismodynamics.com\/tur\/wp-json\/wp\/v2\/types\/page"}],"author":[{"embeddable":true,"href":"https:\/\/ismodynamics.com\/tur\/wp-json\/wp\/v2\/users\/1"}],"replies":[{"embeddable":true,"href":"https:\/\/ismodynamics.com\/tur\/wp-json\/wp\/v2\/comments?post=750"}],"version-history":[{"count":17,"href":"https:\/\/ismodynamics.com\/tur\/wp-json\/wp\/v2\/pages\/750\/revisions"}],"predecessor-version":[{"id":930,"href":"https:\/\/ismodynamics.com\/tur\/wp-json\/wp\/v2\/pages\/750\/revisions\/930"}],"wp:attachment":[{"href":"https:\/\/ismodynamics.com\/tur\/wp-json\/wp\/v2\/media?parent=750"}],"curies":[{"name":"wp","href":"https:\/\/api.w.org\/{rel}","templated":true}]}}