{"id":722,"date":"2020-06-24T00:52:56","date_gmt":"2020-06-23T21:52:56","guid":{"rendered":"http:\/\/ismodynamics.com\/tur\/?page_id=722"},"modified":"2020-06-29T00:45:08","modified_gmt":"2020-06-28T21:45:08","slug":"kurumsal","status":"publish","type":"page","link":"https:\/\/ismodynamics.com\/tur\/tr\/kurumsal\/","title":{"rendered":"Kurumsal"},"content":{"rendered":"<div class=\"fusion-fullwidth fullwidth-box fusion-builder-row-1 nonhundred-percent-fullwidth non-hundred-percent-height-scrolling\" style=\"--awb-border-radius-top-left:0px;--awb-border-radius-top-right:0px;--awb-border-radius-bottom-right:0px;--awb-border-radius-bottom-left:0px;--awb-padding-top:50px;--awb-background-color:rgba(36,36,36,0.02);--awb-flex-wrap:wrap;\" ><div class=\"fusion-builder-row fusion-row\"><div class=\"fusion-layout-column fusion_builder_column fusion-builder-column-0 fusion_builder_column_1_1 1_1 fusion-one-full fusion-column-first fusion-column-last\" style=\"--awb-bg-size:cover;\"><div class=\"fusion-column-wrapper fusion-column-has-shadow fusion-flex-column-wrapper-legacy\"><div class=\"fusion-title title fusion-title-1 fusion-title-text fusion-title-size-two\" style=\"--awb-margin-top-small:0px;--awb-margin-right-small:0px;--awb-margin-bottom-small:20px;--awb-margin-left-small:0px;\"><h2 class=\"fusion-title-heading title-heading-left\" style=\"margin:0;\">Kurumsal<\/h2><span class=\"awb-title-spacer\"><\/span><div class=\"title-sep-container\"><div class=\"title-sep sep- sep-solid\" style=\"border-color:#3e3e3e;\"><\/div><\/div><\/div><div class=\"fusion-text fusion-text-1\"><p>2003 y\u0131l\u0131ndan bu yana , markalama makinalar\u0131 konusundaki tecr\u00fcbesi ve uzman kadrosuyla; \u00a0kendi \u00f6zel tasar\u0131m ve know-how \u00fcretimi ile ISMO D\u0130NAM\u0130K S\u0130STEMLER LTD., yurti\u00e7inde ve yurtd\u0131\u015f\u0131nda hareket kontrol\u00fc esas\u0131na dayal\u0131 End\u00fcstriyel Lazer Markalama Sistemleri ve \u00a0Nokta Vuru\u015flu Markalama Sistemleri ba\u015fta olmak \u00fczere Markalama \u00c7\u00f6z\u00fcmleri Konusunda m\u00fc\u015fterilerine hizmet vermektedir.<\/p>\n<p>M\u00fc\u015fterilerimizi ve onlar\u0131n ihtiya\u00e7lar\u0131n\u0131 anlamak, tahmin ve beklentilerinin \u00fczerinde kaliteli \u00e7\u00f6z\u00fcmler sunmak ana hedefimizdir.<\/p>\n<p>S\u00fcrekli \u00fcretim temeline dayal\u0131; d\u00fcnya piyasalar\u0131na hitap edebilecek teknolojik ve y\u00fcksek kalitede ak\u0131ll\u0131 \u00fcr\u00fcnler ve sistemler sunmak , yenilik\u00e7i, ak\u0131lc\u0131 ,ilkeli ve sorumlu yakla\u015f\u0131m\u0131m\u0131zla sekt\u00f6r\u00fcn lideri olmak ana hedefimizdir.<\/p>\n<p>IsmoMarking ve IsmoDynamics ; Ismo Dinamik Sistemler Makine San ve Tic. Ltd. \u015eti.\u2019nin tescilli markalar\u0131d\u0131r.<\/p>\n<p>Ismo Dinamik Sistemler Ltd. kendi tescilli markalar\u0131 ile \u00fcretimine devam ederken ; kaliteden \u00f6d\u00fcn vermeden ; geli\u015fen ve b\u00fcy\u00fcyen Markalama \u00c7\u00f6z\u00fcmleri \u00dcretimi Sekt\u00f6r\u00fcne, \u00a0fason makine ve par\u00e7a imalat\u0131 ile de destek olmaktad\u0131r.<\/p>\n<\/div><div class=\"fusion-title title fusion-title-2 fusion-title-text fusion-title-size-two\" style=\"--awb-margin-top-small:0px;--awb-margin-right-small:0px;--awb-margin-bottom-small:20px;--awb-margin-left-small:0px;\"><h2 class=\"fusion-title-heading title-heading-left\" style=\"margin:0;\">Sekt\u00f6rel Faaliyet Alanlar\u0131m\u0131z<\/h2><span class=\"awb-title-spacer\"><\/span><div class=\"title-sep-container\"><div class=\"title-sep sep- sep-solid\" style=\"border-color:#3e3e3e;\"><\/div><\/div><\/div><div class=\"fusion-clearfix\"><\/div><\/div><\/div><div class=\"fusion-layout-column fusion_builder_column fusion-builder-column-1 fusion_builder_column_1_3 1_3 fusion-one-third fusion-column-first\" style=\"--awb-bg-size:cover;width:33.333333333333%;width:calc(33.333333333333% - ( ( 4% + 4% ) * 0.33333333333333 ) );margin-right: 4%;\"><div class=\"fusion-column-wrapper fusion-column-has-shadow fusion-flex-column-wrapper-legacy\"><div class=\"fusion-text fusion-text-2\"><p>OTOMOT\u0130V VE YEDEK PAR\u00c7A SANAY\u0130<br \/>\nSAVUNMA SANAY\u0130<br \/>\nHAVACILIK VE UZAY SANAY\u0130<br \/>\nGIDA VE KOZMET\u0130K SANAY\u0130<br \/>\nMAK\u0130NA VE YEDEK PAR\u00c7A SANAY\u0130<br \/>\n\u00c7EL\u0130K KONSTR\u00dcKS\u0130YON SANAY\u0130<br \/>\nBASIN\u00c7LI KAPLAR \u00dcRET\u0130M SANAY\u0130<\/p>\n<\/div><div class=\"fusion-clearfix\"><\/div><\/div><\/div><div class=\"fusion-layout-column fusion_builder_column fusion-builder-column-2 fusion_builder_column_1_3 1_3 fusion-one-third\" style=\"--awb-bg-size:cover;width:33.333333333333%;width:calc(33.333333333333% - ( ( 4% + 4% ) * 0.33333333333333 ) );margin-right: 4%;\"><div class=\"fusion-column-wrapper fusion-column-has-shadow fusion-flex-column-wrapper-legacy\"><div class=\"fusion-text fusion-text-3\"><p>REKLAM SANAY\u0130<br \/>\nARA\u00c7 \u00dcST\u00dc EK\u0130PMAN \u00dcRET\u0130M SANAY\u0130<br \/>\nPAKETLEME VE AMBALAJ SANAY\u0130<br \/>\nPROF\u0130L \u0130MALAT SANAY\u0130<br \/>\nBEYAZ E\u015eYA VE ELEKTRON\u0130K SANAY\u0130<br \/>\nDEM\u0130RYOLU MAK\u0130NALARI VE VAGON SANAY\u0130 MED\u0130KAL SANAY\u0130<\/p>\n<\/div><div class=\"fusion-clearfix\"><\/div><\/div><\/div><div class=\"fusion-layout-column fusion_builder_column fusion-builder-column-3 fusion_builder_column_1_3 1_3 fusion-one-third fusion-column-last\" style=\"--awb-bg-size:cover;width:33.333333333333%;width:calc(33.333333333333% - ( ( 4% + 4% ) * 0.33333333333333 ) );\"><div class=\"fusion-column-wrapper fusion-column-has-shadow fusion-flex-column-wrapper-legacy\"><div class=\"fusion-text fusion-text-4\"><p>\u00c7EL\u0130K MUTFAK \u00dcR\u00dcNLER\u0130 SANAY\u0130<br \/>\nZ\u0130RAAT MAK\u0130NALARI SANAY\u0130<br \/>\nARMAT\u00dcR SANAY\u0130<br \/>\nKUYUMCULUK SANAY\u0130<br \/>\nG\u00dcVENL\u0130K M\u00dcHR\u00dc \u0130MALAT SANAY\u0130<\/p>\n<\/div><div class=\"fusion-clearfix\"><\/div><\/div><\/div><\/div><\/div>\n","protected":false},"excerpt":{"rendered":"","protected":false},"author":1,"featured_media":0,"parent":0,"menu_order":0,"comment_status":"closed","ping_status":"closed","template":"","meta":{"footnotes":""},"class_list":["post-722","page","type-page","status-publish","hentry"],"_links":{"self":[{"href":"https:\/\/ismodynamics.com\/tur\/wp-json\/wp\/v2\/pages\/722","targetHints":{"allow":["GET"]}}],"collection":[{"href":"https:\/\/ismodynamics.com\/tur\/wp-json\/wp\/v2\/pages"}],"about":[{"href":"https:\/\/ismodynamics.com\/tur\/wp-json\/wp\/v2\/types\/page"}],"author":[{"embeddable":true,"href":"https:\/\/ismodynamics.com\/tur\/wp-json\/wp\/v2\/users\/1"}],"replies":[{"embeddable":true,"href":"https:\/\/ismodynamics.com\/tur\/wp-json\/wp\/v2\/comments?post=722"}],"version-history":[{"count":15,"href":"https:\/\/ismodynamics.com\/tur\/wp-json\/wp\/v2\/pages\/722\/revisions"}],"predecessor-version":[{"id":874,"href":"https:\/\/ismodynamics.com\/tur\/wp-json\/wp\/v2\/pages\/722\/revisions\/874"}],"wp:attachment":[{"href":"https:\/\/ismodynamics.com\/tur\/wp-json\/wp\/v2\/media?parent=722"}],"curies":[{"name":"wp","href":"https:\/\/api.w.org\/{rel}","templated":true}]}}