{"id":3,"date":"2020-06-14T20:31:43","date_gmt":"2020-06-14T17:31:43","guid":{"rendered":"http:\/\/ismodynamics.com\/tur\/?page_id=3"},"modified":"2020-06-29T01:21:05","modified_gmt":"2020-06-28T22:21:05","slug":"gizlilik-politikasi","status":"publish","type":"page","link":"https:\/\/ismodynamics.com\/tur\/tr\/gizlilik-politikasi\/","title":{"rendered":"Gizlilik politikas\u0131"},"content":{"rendered":"<div class=\"fusion-fullwidth fullwidth-box fusion-builder-row-1 nonhundred-percent-fullwidth non-hundred-percent-height-scrolling\" style=\"--awb-border-radius-top-left:0px;--awb-border-radius-top-right:0px;--awb-border-radius-bottom-right:0px;--awb-border-radius-bottom-left:0px;--awb-flex-wrap:wrap;\" ><div class=\"fusion-builder-row fusion-row\"><div class=\"fusion-layout-column fusion_builder_column fusion-builder-column-0 fusion_builder_column_1_1 1_1 fusion-one-full fusion-column-first fusion-column-last\" style=\"--awb-bg-size:cover;--awb-margin-bottom:0px;\"><div class=\"fusion-column-wrapper fusion-flex-column-wrapper-legacy\"><div class=\"fusion-title title fusion-title-1 fusion-title-text fusion-title-size-two\" style=\"--awb-margin-top-small:0px;--awb-margin-right-small:0px;--awb-margin-bottom-small:20px;--awb-margin-left-small:0px;\"><h2 class=\"fusion-title-heading title-heading-left\" style=\"margin:0;\">Gizlilik Politikas\u0131<\/h2><span class=\"awb-title-spacer\"><\/span><div class=\"title-sep-container\"><div class=\"title-sep sep- sep-solid\" style=\"border-color:#3e3e3e;\"><\/div><\/div><\/div><div class=\"fusion-text fusion-text-1\"><h2 class=\"wp-block-heading\">Biz kimiz<\/h2>\n<p>Web sitemizin adresi: https:\/\/ismodynamics.com<\/p>\n<h2 class=\"wp-block-heading\">Hangi ki\u015fisel bilgileri ne ama\u00e7la topluyoruz<\/h2>\n<h3 class=\"wp-block-heading\">Yorumlar<\/h3>\n<p>Sitemiz yorumlara kapal\u0131 oldu\u011fu i\u00e7in bu b\u00f6l\u00fcmden veri toplam\u0131yoruz.<\/p>\n<h3 class=\"wp-block-heading\">Ortam<\/h3>\n<p>Sitemiz de g\u00f6rsel y\u00fckleyebilece\u011finiz herhangi bir alan olmad\u0131\u011f\u0131 i\u00e7in veri toplam\u0131yoruz.<\/p>\n<h3 class=\"wp-block-heading\">\u0130leti\u015fim formlar\u0131<\/h3>\n<h3 class=\"wp-block-heading\">\u00c7erezler<\/h3>\n<p>E\u011fer giri\u015f sayfam\u0131z\u0131 ziyaret ederseniz, taray\u0131c\u0131n\u0131z\u0131n \u00e7erezleri kabul edip etmedi\u011fini belirlemek i\u00e7in ge\u00e7ici bir \u00e7erez ayarlayaca\u011f\u0131z. Bu \u00e7erez hi\u00e7bir ki\u015fisel veri i\u00e7ermez ve taray\u0131c\u0131n\u0131z\u0131 kapatt\u0131\u011f\u0131n\u0131zda at\u0131l\u0131r.<\/p>\n<h3 class=\"wp-block-heading\">Di\u011fer sitelerden g\u00f6m\u00fclen i\u00e7erik<\/h3>\n<p>Bu sitedeki makaleler g\u00f6m\u00fcl\u00fc i\u00e7erik (\u00f6r. videolar, g\u00f6rseller, makaleler, vb.) I\u00e7erebilir. Di\u011fer web sitelerinden g\u00f6m\u00fclen i\u00e7erik, ziyaret\u00e7inin di\u011fer web sitesini ziyaret etmi\u015f gibi, tam olarak ayn\u0131 \u015fekilde davran\u0131r.<\/p>\n<p>Bu web siteleri sizin hakk\u0131n\u0131zda veri toplayabilir, \u00e7erez kullanabilir, \u00fc\u00e7\u00fcnc\u00fc taraf taraf\u0131ndan g\u00f6m\u00fclm\u00fc\u015f \u015feklide takip yapabilir ve bir hesab\u0131n\u0131z varsa ve bu web sitesinde oturum a\u00e7t\u0131ysan\u0131z, g\u00f6m\u00fclen i\u00e7erikle etkle\u015fiminizi takip etme dahil olmak \u00fczere, bu g\u00f6m\u00fclen i\u00e7erikle etkile\u015fiminizi izleyebilir.<\/p>\n<h3 class=\"wp-block-heading\">Analiz<\/h3>\n<p>Verilerinizi toplamad\u0131\u011f\u0131m\u0131z i\u00e7in hi\u00e7 kimse ile payla\u015fm\u0131yoruz.<\/p>\n<h2 class=\"wp-block-heading\">Verileriniz \u00fczerindeki haklar\u0131n\u0131z neler<\/h2>\n<p>Bu sitede bir hesab\u0131n\u0131z veya yorumlar\u0131n\u0131z varsa, bize sa\u011flad\u0131\u011f\u0131n\u0131z veriler dahil olmak \u00fczere, hakk\u0131n\u0131zda tuttu\u011fumuz ki\u015fisel verilerin d\u0131\u015fa aktar\u0131lm\u0131\u015f bir dosyas\u0131n\u0131 almay\u0131 isteyebilirsiniz. Ayr\u0131ca, hakk\u0131n\u0131zda tuttu\u011fumuz t\u00fcm ki\u015fisel verileri de silmeyi isteyebilirsiniz. Bu, idari, yasal veya g\u00fcvenlik ama\u00e7lar\u0131na uymak zorunda oldu\u011fumuz hi\u00e7bir veriyi i\u00e7ermez.<\/p>\n<h3 class=\"wp-block-heading\">Sanayi bakanl\u0131\u011f\u0131 kamuyu ayd\u0131nlatma y\u00fck\u00fcml\u00fcl\u00fc\u011f\u00fc<\/h3>\n<\/div><div class=\"fusion-clearfix\"><\/div><\/div><\/div><\/div><\/div>","protected":false},"excerpt":{"rendered":"","protected":false},"author":1,"featured_media":0,"parent":0,"menu_order":0,"comment_status":"closed","ping_status":"open","template":"","meta":{"footnotes":""},"class_list":["post-3","page","type-page","status-publish","hentry"],"_links":{"self":[{"href":"https:\/\/ismodynamics.com\/tur\/wp-json\/wp\/v2\/pages\/3","targetHints":{"allow":["GET"]}}],"collection":[{"href":"https:\/\/ismodynamics.com\/tur\/wp-json\/wp\/v2\/pages"}],"about":[{"href":"https:\/\/ismodynamics.com\/tur\/wp-json\/wp\/v2\/types\/page"}],"author":[{"embeddable":true,"href":"https:\/\/ismodynamics.com\/tur\/wp-json\/wp\/v2\/users\/1"}],"replies":[{"embeddable":true,"href":"https:\/\/ismodynamics.com\/tur\/wp-json\/wp\/v2\/comments?post=3"}],"version-history":[{"count":3,"href":"https:\/\/ismodynamics.com\/tur\/wp-json\/wp\/v2\/pages\/3\/revisions"}],"predecessor-version":[{"id":952,"href":"https:\/\/ismodynamics.com\/tur\/wp-json\/wp\/v2\/pages\/3\/revisions\/952"}],"wp:attachment":[{"href":"https:\/\/ismodynamics.com\/tur\/wp-json\/wp\/v2\/media?parent=3"}],"curies":[{"name":"wp","href":"https:\/\/api.w.org\/{rel}","templated":true}]}}